{"id":272015,"date":"2026-03-04T14:20:38","date_gmt":"2026-03-04T13:20:38","guid":{"rendered":"https:\/\/www.savethequeen.it\/stq\/index.php\/prodotto\/top-imprime-positano-avec-encolure-americaine\/"},"modified":"2026-03-04T14:20:38","modified_gmt":"2026-03-04T13:20:38","slug":"top-imprime-positano-avec-encolure-americaine","status":"publish","type":"product","link":"https:\/\/www.savethequeen.it\/fr\/prodotto\/top-imprime-positano-avec-encolure-americaine\/","title":{"rendered":"Top imprim\u00e9 \u00ab\u00a0Positano\u00a0\u00bb avec encolure am\u00e9ricaine"},"content":{"rendered":"<p>Top blanc en tissu extensible avec bretelles conf\u00e9rant une encolure am\u00e9ricaine, imprim\u00e9 sur le th\u00e8me \u00ab\u00a0Positano\u00a0\u00bb pour une \u00e9vocation fra\u00eeche et m\u00e9diterran\u00e9enne. Le mod\u00e8le est compl\u00e9t\u00e9 par de petits citrons comme accessoires d\u00e9coratifs qui ajoutent un d\u00e9tail tridimensionnel et rendent la pi\u00e8ce encore plus distinctive ; parfait \u00e0 porter seul ou coordonn\u00e9 avec des accessoires de la m\u00eame inspiration.<\/p>\n<p>&nbsp;<\/p>\n<p>Cet article a \u00e9t\u00e9 con\u00e7u et produit \u00e0 100 % en Italie.<\/p>\n","protected":false},"excerpt":{"rendered":"<p>Top blanc en tissu extensible avec bretelles conf\u00e9rant une encolure am\u00e9ricaine, imprim\u00e9 sur le th\u00e8me \u00ab\u00a0Positano\u00a0\u00bb pour une \u00e9vocation fra\u00eeche<\/p>\n","protected":false},"featured_media":272012,"comment_status":"open","ping_status":"closed","template":"","meta":{"postBodyCss":"","postBodyMargin":[],"postBodyPadding":[],"postBodyBackground":{"backgroundType":"classic","gradient":""},"enableOnePageScrollInPage":false,"onePageScrollCss":"","onePageScrollSpeed":1000,"onePageScrollAnimation":"easeInOutQuad","onePageScrollShowDotNavigation":true,"onePageScrollNavigation":"scaleUp","onePageScrollNavigationPosition":"right","onePageScrollNavigationHorizontal":[],"onePageScrollNavigationVertical":[],"onePageScrollNavigationSpacing":[],"onePageScrollNavigationColor":"#00ff0d","onePageScrollNavigationColorHover":"#00ff0d","onePageScrollNavigationColorActive":"#00ff0d","onePageScrollNavigationIcon":[],"onePageScrollNavigationWidth":[],"onePageScrollNavigationWidthHover":[],"onePageScrollNavigationWidthActive":[],"onePageScrollNavigationHeight":[],"onePageScrollNavigationHeightHover":[],"onePageScrollNavigationHeightActive":[],"onePageScrollNavigationBorder":[],"onePageScrollNavigationBorderHover":[],"onePageScrollNavigationBorderActive":[],"onePageScrollNavigationBorderRadius":[],"onePageScrollNavigationBorderRadiusHover":[],"onePageScrollNavigationBorderRadiusActive":[],"onePageScrollNavigationTooltipTypography":[],"onePageScrollNavigationTooltipColor":"#ffffff","onePageScrollNavigationTooltipColorHover":"","onePageScrollNavigationTooltipBgColor":"#00ff0d","onePageScrollNavigationTooltipBgColorHover":"","onePageScrollNavigationTooltipPadding":[],"onePageScrollNavigationTooltipPaddingHover":[],"onePageScrollNavigationTooltipBorderRadius":[],"onePageScrollNavigationTooltipBorderRadiusHover":[],"pageSettingsCustomCss":""},"product_brand":[358],"product_cat":[256,298,301],"product_tag":[],"class_list":{"0":"post-272015","1":"product","2":"type-product","3":"status-publish","4":"has-post-thumbnail","6":"product_brand-sun","7":"product_cat-hauts-et-t-shirts","8":"product_cat-stq","9":"product_cat-sun","10":"pa_vestibilita-slim","12":"first","13":"instock","14":"sale","15":"taxable","16":"shipping-taxable","17":"purchasable","18":"product-type-variable"},"jetpack_sharing_enabled":true,"_links":{"self":[{"href":"https:\/\/www.savethequeen.it\/fr\/wp-json\/wp\/v2\/product\/272015","targetHints":{"allow":["GET"]}}],"collection":[{"href":"https:\/\/www.savethequeen.it\/fr\/wp-json\/wp\/v2\/product"}],"about":[{"href":"https:\/\/www.savethequeen.it\/fr\/wp-json\/wp\/v2\/types\/product"}],"replies":[{"embeddable":true,"href":"https:\/\/www.savethequeen.it\/fr\/wp-json\/wp\/v2\/comments?post=272015"}],"wp:featuredmedia":[{"embeddable":true,"href":"https:\/\/www.savethequeen.it\/fr\/wp-json\/wp\/v2\/media\/272012"}],"wp:attachment":[{"href":"https:\/\/www.savethequeen.it\/fr\/wp-json\/wp\/v2\/media?parent=272015"}],"wp:term":[{"taxonomy":"product_brand","embeddable":true,"href":"https:\/\/www.savethequeen.it\/fr\/wp-json\/wp\/v2\/product_brand?post=272015"},{"taxonomy":"product_cat","embeddable":true,"href":"https:\/\/www.savethequeen.it\/fr\/wp-json\/wp\/v2\/product_cat?post=272015"},{"taxonomy":"product_tag","embeddable":true,"href":"https:\/\/www.savethequeen.it\/fr\/wp-json\/wp\/v2\/product_tag?post=272015"}],"curies":[{"name":"wp","href":"https:\/\/api.w.org\/{rel}","templated":true}]}}