{"id":271867,"date":"2026-03-04T15:16:24","date_gmt":"2026-03-04T14:16:24","guid":{"rendered":"https:\/\/www.savethequeen.it\/stq\/index.php\/prodotto\/tunique-blanche-en-tulle-brode-asymetrique\/"},"modified":"2026-03-04T15:16:24","modified_gmt":"2026-03-04T14:16:24","slug":"tunique-blanche-en-tulle-brode-asymetrique","status":"publish","type":"product","link":"https:\/\/www.savethequeen.it\/fr\/prodotto\/tunique-blanche-en-tulle-brode-asymetrique\/","title":{"rendered":"Tunique blanche en tulle brod\u00e9 asym\u00e9trique"},"content":{"rendered":"<p>Tunique en tulle blanc \u00e0 la coupe asym\u00e9trique, avec tresse au cou qui apporte maintien et une touche de style moderne. La ligne est \u00e9vas\u00e9e en bas pour cr\u00e9er du mouvement et de la l\u00e9g\u00e8ret\u00e9 \u00e0 chaque pas, la rendant parfaite aussi bien comme tunique que comme mini robe, selon l&rsquo;association. La pi\u00e8ce est sublim\u00e9e par une broderie \u00e0 paillettes repr\u00e9sentant une poule, pour une touche ironique et lumineuse dans le plus pur style Save the Queen.<\/p>\n<p>&nbsp;<\/p>\n<p>Cet article a \u00e9t\u00e9 con\u00e7u et produit \u00e0 100 % en Italie.<\/p>\n","protected":false},"excerpt":{"rendered":"<p>Tunique en tulle blanc \u00e0 la coupe asym\u00e9trique, avec tresse au cou qui apporte maintien et une touche de style<\/p>\n","protected":false},"featured_media":271864,"comment_status":"open","ping_status":"closed","template":"","meta":{"postBodyCss":"","postBodyMargin":[],"postBodyPadding":[],"postBodyBackground":{"backgroundType":"classic","gradient":""},"enableOnePageScrollInPage":false,"onePageScrollCss":"","onePageScrollSpeed":1000,"onePageScrollAnimation":"easeInOutQuad","onePageScrollShowDotNavigation":true,"onePageScrollNavigation":"scaleUp","onePageScrollNavigationPosition":"right","onePageScrollNavigationHorizontal":[],"onePageScrollNavigationVertical":[],"onePageScrollNavigationSpacing":[],"onePageScrollNavigationColor":"#00ff0d","onePageScrollNavigationColorHover":"#00ff0d","onePageScrollNavigationColorActive":"#00ff0d","onePageScrollNavigationIcon":[],"onePageScrollNavigationWidth":[],"onePageScrollNavigationWidthHover":[],"onePageScrollNavigationWidthActive":[],"onePageScrollNavigationHeight":[],"onePageScrollNavigationHeightHover":[],"onePageScrollNavigationHeightActive":[],"onePageScrollNavigationBorder":[],"onePageScrollNavigationBorderHover":[],"onePageScrollNavigationBorderActive":[],"onePageScrollNavigationBorderRadius":[],"onePageScrollNavigationBorderRadiusHover":[],"onePageScrollNavigationBorderRadiusActive":[],"onePageScrollNavigationTooltipTypography":[],"onePageScrollNavigationTooltipColor":"#ffffff","onePageScrollNavigationTooltipColorHover":"","onePageScrollNavigationTooltipBgColor":"#00ff0d","onePageScrollNavigationTooltipBgColorHover":"","onePageScrollNavigationTooltipPadding":[],"onePageScrollNavigationTooltipPaddingHover":[],"onePageScrollNavigationTooltipBorderRadius":[],"onePageScrollNavigationTooltipBorderRadiusHover":[],"pageSettingsCustomCss":""},"product_brand":[358],"product_cat":[298,301,259],"product_tag":[],"class_list":{"0":"post-271867","1":"product","2":"type-product","3":"status-publish","4":"has-post-thumbnail","6":"product_brand-sun","7":"product_cat-stq","8":"product_cat-sun","9":"product_cat-tuniques","10":"pa_vestibilita-regular","12":"first","13":"instock","14":"sale","15":"taxable","16":"shipping-taxable","17":"purchasable","18":"product-type-variable"},"jetpack_sharing_enabled":true,"_links":{"self":[{"href":"https:\/\/www.savethequeen.it\/fr\/wp-json\/wp\/v2\/product\/271867","targetHints":{"allow":["GET"]}}],"collection":[{"href":"https:\/\/www.savethequeen.it\/fr\/wp-json\/wp\/v2\/product"}],"about":[{"href":"https:\/\/www.savethequeen.it\/fr\/wp-json\/wp\/v2\/types\/product"}],"replies":[{"embeddable":true,"href":"https:\/\/www.savethequeen.it\/fr\/wp-json\/wp\/v2\/comments?post=271867"}],"wp:featuredmedia":[{"embeddable":true,"href":"https:\/\/www.savethequeen.it\/fr\/wp-json\/wp\/v2\/media\/271864"}],"wp:attachment":[{"href":"https:\/\/www.savethequeen.it\/fr\/wp-json\/wp\/v2\/media?parent=271867"}],"wp:term":[{"taxonomy":"product_brand","embeddable":true,"href":"https:\/\/www.savethequeen.it\/fr\/wp-json\/wp\/v2\/product_brand?post=271867"},{"taxonomy":"product_cat","embeddable":true,"href":"https:\/\/www.savethequeen.it\/fr\/wp-json\/wp\/v2\/product_cat?post=271867"},{"taxonomy":"product_tag","embeddable":true,"href":"https:\/\/www.savethequeen.it\/fr\/wp-json\/wp\/v2\/product_tag?post=271867"}],"curies":[{"name":"wp","href":"https:\/\/api.w.org\/{rel}","templated":true}]}}