{"id":271706,"date":"2026-03-03T09:29:40","date_gmt":"2026-03-03T08:29:40","guid":{"rendered":"https:\/\/www.savethequeen.it\/stq\/index.php\/privacy-policy-2\/"},"modified":"2026-03-06T19:08:23","modified_gmt":"2026-03-06T18:08:23","slug":"privacy-policy-2","status":"publish","type":"page","link":"https:\/\/www.savethequeen.it\/fr\/privacy-policy-2\/","title":{"rendered":"Privacy Policy"},"content":{"rendered":"\n<h2 class=\"wp-block-wd-title title wd-59730f81\">NOTE D\u2019INFORMATION SUR LE RESPECT DE LA VIE PRIV\u00c9E conform\u00e9ment \u00e0 l\u2019art.13 du D. L\u00e9g. 196\/2003<\/h2>\n\n\n\n<p class=\"wp-block-wd-paragraph wd-b95c1fee\">Cher Client \/ Cher Visiteur<br><strong>Politique de respect de la vie priv\u00e9e<\/strong>\u00a0La pr\u00e9sente Politique de respect de la vie priv\u00e9e s\u2019applique au site web https:\/\/www.shop.savethequeen.it\/ et r\u00e9git le traitement des donn\u00e9es personnelles effectu\u00e9 par Marco Fantini Srl aux fins de l\u2019exercice de l\u2019activit\u00e9 de vente de produits \u00e0 travers le site Marco Fantini Srl et, avec le consentement de l\u2019utilisateur, pour des finalit\u00e9s de marketing.<\/p>\n\n\n\n<p class=\"wp-block-wd-paragraph wd-235c3a5d\">Les informations report\u00e9es ci-dessous sont conformes \u00e0 la r\u00e9glementation pr\u00e9vue par le D. L\u00e9g. 196\/2003 et au R\u00e8glement UE n\u00b0 679\/2016 en mati\u00e8re de protection des donn\u00e9es personnelles.<\/p>\n\n\n\n<ul class=\"wp-block-list\">\n<li>\n<ul class=\"wp-block-list\">\n<li><strong>Titulaire du traitement<\/strong><br>Le Titulaire du traitement est Marco Fantini Srl \u2013 via del Paradiso 118\/e- 5013 Campi Bisenzio (Fi) Italie \u2013 Contacts : +39 055 8958201,\u00a0<a href=\"mailto:info@shop.savethequeen.it\">info@shop.savethequeen.it<\/a><\/li>\n\n\n\n<li><strong>Type de donn\u00e9es collect\u00e9es et finalit\u00e9s du traitement<\/strong><br>Les donn\u00e9es personnelles que Marco Fantini Srl collecte et traite comprennent : pr\u00e9nom, nom de famille, adresse, num\u00e9ro de t\u00e9l\u00e9phone, adresse de courrier \u00e9lectronique (e-mail), code fiscal ou num\u00e9ro de TVA et autres informations \u00e9ventuelles \u00e0 caract\u00e8re facultatif.Marco Fantini Srl collecte et traite les donn\u00e9es personnelles fournies volontairement par l\u2019utilisateur pour exercer toutes les activit\u00e9s de vente de produits de la marque \u00ab Save The Queen! \u00bb \u00e0 travers le site et les activit\u00e9s qui y sont \u00e9troitement li\u00e9es (\u00e0 simple titre d\u2019exemple et non exhaustif : pr\u00e9vention de fraudes, gestion des produits rendus, garantie des produits, assistance clients, participation \u00e0 des initiatives propos\u00e9es sur le site, demande \u00e0 Marco Fantini Srl d\u2019informations relatives \u00e0 l\u2019achat de produits ou envoi \u00e0 Marco Fantini Srl de communications relatives \u00e0 ces activit\u00e9s.De plus, Marco Fantini Srl traitera les donn\u00e9es personnelles de l\u2019utilisateur pour faire valoir ou d\u00e9fendre un droit en justice et pour l\u2019acquittement d\u2019obligations pr\u00e9vues par les lois, les r\u00e8glements et par la r\u00e9glementation communautaire.Conform\u00e9ment aux dispositions de l\u2019art. 5 du R\u00e8glement n\u00b0 679\/2016, la collecte de donn\u00e9es personnelles aupr\u00e8s des utilisateurs effectu\u00e9e par Marco Fantini Srl concernera seulement les donn\u00e9es ad\u00e9quates, pertinentes et strictement n\u00e9cessaires afin d\u2019exercer les activit\u00e9s de vente ainsi que toute autre activit\u00e9 qui y soit li\u00e9e.En outre, avec le consentement pr\u00e9alable, libre et facultatif de l\u2019utilisateur, Marco Fantini Srl pourra traiter les donn\u00e9es personnelles de l\u2019utilisateur \u00e9galement pour des finalit\u00e9s de marketing, c\u2019est-\u00e0-dire pour envoyer \u00e0 l\u2019utilisateur, par le biais de newsletters, des informations sur Marco Fantini srl, des informations sur des produits et sur des \u00e9v\u00e9nements organis\u00e9s par Marco Fantini Srl ou avec la participation de Marco Fantini Srl, et sur des \u00e9v\u00e9nements et autres initiatives similaires organis\u00e9s par Marco Fantini Srl, y compris des invitations \u00e9ventuelles \u00e0 ces \u00e9v\u00e9nements. L\u2019utilisateur aura toujours la possibilit\u00e9 de r\u00e9voquer son consentement \u00e0 l\u2019envoi de la newsletter. Dans toutes les communications, il y aura une section sp\u00e9cifique, dans laquelle seront indiqu\u00e9es les modalit\u00e9s pour r\u00e9voquer son consentement et pour ne plus recevoir la newsletter.<\/li>\n\n\n\n<li><strong>La transmission de donn\u00e9es personnelles.<\/strong>.<br>La transmission de donn\u00e9es par l\u2019utilisateur est n\u00e9cessaire pour l\u2019exercice des activit\u00e9s de vente de produits \u00e0 travers le site\u00a0<a href=\"https:\/\/www.savethequeen.it\/\">https:\/\/www.savethequeen.it\/<\/a>\u00a0et des activit\u00e9s qui y sont li\u00e9es. En outre, la transmission de donn\u00e9es personnelles de l\u2019utilisateur est obligatoire pour respecter les dispositions l\u00e9gales ; le d\u00e9faut \u00e9ventuel de transmission de donn\u00e9es personnelles par l\u2019utilisateur dans les cas susmentionn\u00e9s aura pour cons\u00e9quence l\u2019impossibilit\u00e9 pour l\u2019utilisateur de recevoir les services, les produits demand\u00e9s et de recevoir les r\u00e9ponses et les informations demand\u00e9es sur le site https:\/\/www.savethequeen.it\/.<br>La transmission de donn\u00e9es par l\u2019utilisateur pour des finalit\u00e9s de marketing, comme indiqu\u00e9 ci-dessus, est libre et facultative ; dans ce cas, le d\u00e9faut \u00e9ventuel de transmission n\u2019aura aucune cons\u00e9quence.<\/li>\n\n\n\n<li><strong>Le lieu de conservation des donn\u00e9es personnelles collect\u00e9es<\/strong>.<br>Les donn\u00e9es personnelles collect\u00e9es seront trait\u00e9es par Marco Fantini Srl. Pour plus d\u2019informations, l\u2019utilisateur est invit\u00e9 \u00e0 consulter la section sur la Politique de respect de la vie priv\u00e9e relative au cadre de la communication des donn\u00e9es personnelles.<\/li>\n\n\n\n<li><strong>Cookies et tags<\/strong><br>Les cookies sont des fichiers de donn\u00e9es utilis\u00e9s apr\u00e8s l\u2019inscription de l\u2019utilisateur au site et conserv\u00e9s sur le disque dur de l\u2019ordinateur de l\u2019utilisateur. Le site emploie des cookies et d\u2019autres technologies interactives, par exemple des tags, pour des finalit\u00e9s sp\u00e9cifiques, \u00e0 savoir, pour offrir \u00e0 l\u2019utilisateur une navigation plus facile sur le site et pour y permettre un acc\u00e8s plus facile, ainsi que pour des finalit\u00e9s internes de s\u00e9curit\u00e9, des analyses statistiques (par exemple, relatives au trafic sur le site) et l\u2019administration du syst\u00e8me. Les cookies de session sont conserv\u00e9s dans une m\u00e9moire temporaire et sont effac\u00e9s quand l\u2019utilisateur ferme le navigateur.Les cookies et les tags employ\u00e9s par Marco Fantini Srl ne permettent aucun contr\u00f4le sur l\u2019ordinateur de l\u2019utilisateur de la part de Marco Fantini Srl. Marco Fantini Srl n\u2019utilise pas les cookies ou les tags pour acc\u00e9der \u00e0 des informations archiv\u00e9es sur l\u2019ordinateur de l\u2019utilisateur ni pour suivre les op\u00e9rations de l\u2019utilisateur.Le site peut contenir des liens \u00e0 d\u2019autres sites. Marco Fantini Srl n\u2019exerce aucun contr\u00f4le, et ne peut \u00eatre tenue pour responsable, en ce qui concerne des cookies et d\u2019autres technologies employ\u00e9s pour tracer les utilisateurs pr\u00e9sents sur des sites web accessibles \u00e0 partir du Site, sur tout type de contenu et de mat\u00e9riel publi\u00e9 sur ces sites. La pr\u00e9sente Politique de respect de la vie priv\u00e9e s\u2019applique seulement \u00e0 Marco Fantini Srl, telle qu\u2019elle est d\u00e9finie ci-dessus.<\/li>\n\n\n\n<li><strong>Modalit\u00e9s du traitement<\/strong>.<br>Le Titulaire effectue les traitements n\u00e9cessaires conform\u00e9ment \u00e0 la r\u00e9glementation nationale sur le respect de la vie priv\u00e9e, et au R\u00e8glement UE n\u00b0 679\/2016.Le traitement est principalement effectu\u00e9 \u00e0 travers des instruments \u00e9lectroniques ; cependant, les donn\u00e9es personnelles des utilisateurs peuvent \u00e9galement \u00eatre trait\u00e9es gr\u00e2ce \u00e0 des moyens manuels, toujours selon des modalit\u00e9s d\u2019organisation et des logiques strictement li\u00e9es aux finalit\u00e9s indiqu\u00e9es.Marco Fantini Srl traitera les donn\u00e9es personnelles conform\u00e9ment aux dispositions en vigueur en mati\u00e8re de s\u00e9curit\u00e9 afin de r\u00e9duire au minimum les risques de destruction et de perte, m\u00eame accidentelle, de donn\u00e9es, d\u2019acc\u00e8s non autoris\u00e9, de traitement non autoris\u00e9 ou non conforme aux finalit\u00e9s de collecte des donn\u00e9es et d\u2019utilisation illicite ou non correcte des donn\u00e9es.<\/li>\n\n\n\n<li><strong>Communication des donn\u00e9es personnelles<\/strong><br>Les donn\u00e9es personnelles de l\u2019utilisateur seront accessibles au personnel salari\u00e9 de Marco Fantini Srl en relation avec les finalit\u00e9s indiqu\u00e9es ci-dessus.Il est possible de conna\u00eetre la liste compl\u00e8te et mise \u00e0 jour des Responsables du traitement et des personnes \u00e0 qui les donn\u00e9es sont communiqu\u00e9es, apr\u00e8s avoir envoy\u00e9 une demande \u00e9crite \u00e0 Marco Fantini Srl.Les donn\u00e9es personnelles de l\u2019utilisateur pourront \u00eatre communiqu\u00e9es \u00e0 des professionnels, collaborateurs, personnes morales et tiers qui exercent des services \u00e0 caract\u00e8re technique et organisationnels, auxquels Marco Fantini Srl peut avoir recours pour les finalit\u00e9s de traitement susmentionn\u00e9es. Ces personnes traiteront les donn\u00e9es en qualit\u00e9 de titulaires, responsables ou en qualit\u00e9 de personnes charg\u00e9es du traitement, en fonction des cas, pour les finalit\u00e9s indiqu\u00e9es ci-dessus et dans le respect total de la r\u00e9glementation en vigueur indiqu\u00e9e ci-dessus ; Marco Fantini Srl ne fournira \u00e0 ces personnes que les informations n\u00e9cessaires \u00e0 l\u2019exercice de leurs fonctions. Les donn\u00e9es personnelles de l\u2019utilisateur ne seront diffus\u00e9es en aucune fa\u00e7on.<\/li>\n\n\n\n<li><strong>Dur\u00e9e de conservation<\/strong>.<br>Aux termes du R\u00e8glement n\u00b0 679\/2016, les donn\u00e9es sont trait\u00e9es pour la dur\u00e9e n\u00e9cessaire \u00e0 l\u2019exercice du service demand\u00e9 par l\u2019utilisateur ; ce dernier peut toujours demander l\u2019interruption du Traitement ou l\u2019effacement des donn\u00e9es. En particulier, \u00e9tant donn\u00e9 que les finalit\u00e9s d\u00e9crites ci-dessus comportent plusieurs charges (relatives, ad exemple, \u00e0 la garantie du produit), il est pr\u00e9cis\u00e9 que les donn\u00e9es personnelles des utilisateurs sont conserv\u00e9es pour une dur\u00e9e non sup\u00e9rieure \u00e0 38 mois.<\/li>\n\n\n\n<li><strong>Droits de la personne concern\u00e9e<\/strong>.<br>\u00c0 tout moment, aux termes de l\u2019art. 7 du D. L\u00e9g. 196\/2003 et des art. de 15 \u00e0 22 du R\u00e8glement UE n\u00b0 2106\/679, l\u2019utilisateur pourra exercer les droits suivants :\n<ol style=\"list-style-type:lower-alpha\" class=\"wp-block-list\">\n<li>acc\u00e8s aux donn\u00e9es personnelles ;<\/li>\n\n\n\n<li>obtenir la rectification ou l\u2019effacement de ces derni\u00e8res ou la limitation du traitement le concernant ;<\/li>\n\n\n\n<li>obtenir des indications sur les finalit\u00e9s du traitement, les cat\u00e9gories de donn\u00e9es personnelles, les destinataires ou les cat\u00e9gories de destinataires auxquels les donn\u00e9es personnelles ont \u00e9t\u00e9 ou seront communiqu\u00e9es et, quand cela est possible, la dur\u00e9e de conservation ;<\/li>\n\n\n\n<li>s\u2019opposer au traitement ;<\/li>\n\n\n\n<li>\u00e0 la portabilit\u00e9 des donn\u00e9es ;<\/li>\n\n\n\n<li>r\u00e9voquer le consentement, \u00e0 tout moment, sans compromettre la lic\u00e9it\u00e9 du traitement fond\u00e9e sur le consentement accord\u00e9 avant la r\u00e9vocation ;<\/li>\n\n\n\n<li>introduire une r\u00e9clamation \u00e0 l\u2019autorit\u00e9 de contr\u00f4le.<\/li>\n<\/ol>\n<\/li>\n<\/ul>\n<\/li>\n<\/ul>\n\n\n\n<p class=\"wp-block-wd-paragraph wd-2a5e7aab\">La personne concern\u00e9e pourra exercer ses droits en envoyant sa demande par e-mail \u00e0 l\u2019adresse pr\u00e9vue \u00e0 cet effet.<\/p>\n\n\n\n<ul class=\"wp-block-list\">\n<li><strong>Mises \u00e0 jour e modifications<\/strong>.<br>La pr\u00e9sente politique de respect de la vie priv\u00e9e est un document soumis \u00e0 des mises \u00e0 jour constantes ; par cons\u00e9quent, le Titulaire du Traitement se r\u00e9serve le droit d\u2019apporter des modifications \u00e0 tout moment en en donnant l\u2019information aux utilisateurs sur cette page.<\/li>\n<\/ul>\n","protected":false},"excerpt":{"rendered":"","protected":false},"author":2,"featured_media":0,"parent":0,"menu_order":0,"comment_status":"closed","ping_status":"closed","template":"","meta":{"postBodyCss":"","postBodyMargin":[],"postBodyPadding":[],"postBodyBackground":{"backgroundType":"classic","gradient":""},"enableOnePageScrollInPage":false,"onePageScrollCss":"","onePageScrollSpeed":1000,"onePageScrollAnimation":"easeInOutQuad","onePageScrollShowDotNavigation":true,"onePageScrollNavigation":"scaleUp","onePageScrollNavigationPosition":"right","onePageScrollNavigationHorizontal":[],"onePageScrollNavigationVertical":[],"onePageScrollNavigationSpacing":[],"onePageScrollNavigationColor":"#00ff0d","onePageScrollNavigationColorHover":"#00ff0d","onePageScrollNavigationColorActive":"#00ff0d","onePageScrollNavigationIcon":[],"onePageScrollNavigationWidth":[],"onePageScrollNavigationWidthHover":[],"onePageScrollNavigationWidthActive":[],"onePageScrollNavigationHeight":[],"onePageScrollNavigationHeightHover":[],"onePageScrollNavigationHeightActive":[],"onePageScrollNavigationBorder":[],"onePageScrollNavigationBorderHover":[],"onePageScrollNavigationBorderActive":[],"onePageScrollNavigationBorderRadius":[],"onePageScrollNavigationBorderRadiusHover":[],"onePageScrollNavigationBorderRadiusActive":[],"onePageScrollNavigationTooltipTypography":[],"onePageScrollNavigationTooltipColor":"#ffffff","onePageScrollNavigationTooltipColorHover":"","onePageScrollNavigationTooltipBgColor":"#00ff0d","onePageScrollNavigationTooltipBgColorHover":"","onePageScrollNavigationTooltipPadding":[],"onePageScrollNavigationTooltipPaddingHover":[],"onePageScrollNavigationTooltipBorderRadius":[],"onePageScrollNavigationTooltipBorderRadiusHover":[],"pageSettingsCustomCss":"","footnotes":""},"class_list":["post-271706","page","type-page","status-publish","hentry"],"jetpack_sharing_enabled":true,"_links":{"self":[{"href":"https:\/\/www.savethequeen.it\/fr\/wp-json\/wp\/v2\/pages\/271706","targetHints":{"allow":["GET"]}}],"collection":[{"href":"https:\/\/www.savethequeen.it\/fr\/wp-json\/wp\/v2\/pages"}],"about":[{"href":"https:\/\/www.savethequeen.it\/fr\/wp-json\/wp\/v2\/types\/page"}],"author":[{"embeddable":true,"href":"https:\/\/www.savethequeen.it\/fr\/wp-json\/wp\/v2\/users\/2"}],"replies":[{"embeddable":true,"href":"https:\/\/www.savethequeen.it\/fr\/wp-json\/wp\/v2\/comments?post=271706"}],"version-history":[{"count":2,"href":"https:\/\/www.savethequeen.it\/fr\/wp-json\/wp\/v2\/pages\/271706\/revisions"}],"predecessor-version":[{"id":271776,"href":"https:\/\/www.savethequeen.it\/fr\/wp-json\/wp\/v2\/pages\/271706\/revisions\/271776"}],"wp:attachment":[{"href":"https:\/\/www.savethequeen.it\/fr\/wp-json\/wp\/v2\/media?parent=271706"}],"curies":[{"name":"wp","href":"https:\/\/api.w.org\/{rel}","templated":true}]}}