{"id":271692,"date":"2026-03-02T16:45:37","date_gmt":"2026-03-02T15:45:37","guid":{"rendered":"https:\/\/www.savethequeen.it\/stq\/index.php\/spedizioni\/"},"modified":"2026-03-06T19:09:54","modified_gmt":"2026-03-06T18:09:54","slug":"spedizioni","status":"publish","type":"page","link":"https:\/\/www.savethequeen.it\/fr\/spedizioni\/","title":{"rendered":"Livraison"},"content":{"rendered":"\n<p class=\"wp-block-wd-paragraph wd-855c874d\">Save The Queen! garantit la livraison :<\/p>\n\n\n\n<p class=\"wp-block-wd-paragraph wd-8c90b3b1\"><strong>en Italie<\/strong>\u00a0dans un d\u00e9lai de 3 jours ouvrables pour les commandes effectu\u00e9es du lundi au vendredi jusqu\u2019\u00e0 13.00\u2028 si vous s\u00e9lectionnez l\u2019exp\u00e9dition \u00ab standard \u00bb ; 1 jour ouvrable, si vous s\u00e9lectionnez l\u2019exp\u00e9dition \u00ab express saver \u00bb.<\/p>\n\n\n\n<p class=\"wp-block-wd-paragraph wd-ecb7c8b9\">Pour la Basilicate, la Campanie, la Calabre, les Pouilles et les \u00eeles, la livraison pourrait requ\u00e9rir un jour suppl\u00e9mentaire.<\/p>\n\n\n\n<p class=\"wp-block-wd-paragraph wd-0da36712\"><strong>en Europe<\/strong>: dans un d\u00e9lai de 3\/5 jours ouvrables pour les commandes effectu\u00e9es du lundi au vendredi jusqu\u2019\u00e0 13.00, si vous s\u00e9lectionnez l\u2019exp\u00e9dition \u00ab standard \u00bb ; 2 jours ouvrables, si vous s\u00e9lectionnez l\u2019exp\u00e9dition \u00ab express saver \u00bb.<\/p>\n\n\n\n<p class=\"wp-block-wd-paragraph wd-dd9efb05\"><strong>dans les Pays situ\u00e9s hors de la CEE<\/strong>\u00a0dans un d\u00e9lai de 10 jours ouvrables pour les commandes effectu\u00e9es du lundi au vendredi jusqu\u2019\u00e0 13.00.<\/p>\n\n\n\n<p class=\"wp-block-wd-paragraph wd-2817017d\">Toutes les commandes parvenues le Samedi et le Dimanche, seront trait\u00e9es \u00e0 partir du Lundi matin. UPS, le transporteur qui est charg\u00e9 d\u2019effectuer les livraisons, livre les colis pendant les horaires de bureau du Lundi au Vendredi. Pour contr\u00f4ler l\u2019\u00e9tat de l\u2019exp\u00e9dition, il suffit de saisir le num\u00e9ro de suivi que vous avez re\u00e7u avec la confirmation de la commande, dans l\u2019espace pr\u00e9vu \u00e0 cet effet sur le site\u00a0<a href=\"https:\/\/www.ups.com\/\" target=\"_blank\" rel=\"noreferrer noopener\">www.ups.com<\/a>.<\/p>\n\n\n\n<p>Les frais d\u2019exp\u00e9dition sont les suivants :<\/p>\n\n\n\n<figure class=\"wp-block-image size-full is-resized\"><img loading=\"lazy\" decoding=\"async\" width=\"890\" height=\"2560\" src=\"https:\/\/www.savethequeen.it\/wp-content\/uploads\/2026\/03\/www.savethequeen.it_spedizioni1_-scaled.png\" alt=\"\" class=\"wp-image-271461\" style=\"aspect-ratio:0.34750083012676525;width:1022px;height:auto\" srcset=\"https:\/\/www.savethequeen.it\/wp-content\/uploads\/2026\/03\/www.savethequeen.it_spedizioni1_-scaled.png 890w, https:\/\/www.savethequeen.it\/wp-content\/uploads\/2026\/03\/www.savethequeen.it_spedizioni1_-104x300.png 104w, https:\/\/www.savethequeen.it\/wp-content\/uploads\/2026\/03\/www.savethequeen.it_spedizioni1_-278x800.png 278w, https:\/\/www.savethequeen.it\/wp-content\/uploads\/2026\/03\/www.savethequeen.it_spedizioni1_-768x2208.png 768w, https:\/\/www.savethequeen.it\/wp-content\/uploads\/2026\/03\/www.savethequeen.it_spedizioni1_-534x1536.png 534w, https:\/\/www.savethequeen.it\/wp-content\/uploads\/2026\/03\/www.savethequeen.it_spedizioni1_-712x2048.png 712w, https:\/\/www.savethequeen.it\/wp-content\/uploads\/2026\/03\/www.savethequeen.it_spedizioni1_-430x1237.png 430w, https:\/\/www.savethequeen.it\/wp-content\/uploads\/2026\/03\/www.savethequeen.it_spedizioni1_-700x2013.png 700w, https:\/\/www.savethequeen.it\/wp-content\/uploads\/2026\/03\/www.savethequeen.it_spedizioni1_-150x431.png 150w\" sizes=\"auto, (max-width: 890px) 100vw, 890px\" \/><\/figure>\n","protected":false},"excerpt":{"rendered":"<p>Les frais d\u2019exp\u00e9dition sont les suivants :<\/p>\n","protected":false},"author":2,"featured_media":0,"parent":0,"menu_order":0,"comment_status":"closed","ping_status":"closed","template":"","meta":{"postBodyCss":"","postBodyMargin":[],"postBodyPadding":[],"postBodyBackground":{"backgroundType":"classic","gradient":""},"enableOnePageScrollInPage":false,"onePageScrollCss":"","onePageScrollSpeed":1000,"onePageScrollAnimation":"easeInOutQuad","onePageScrollShowDotNavigation":true,"onePageScrollNavigation":"scaleUp","onePageScrollNavigationPosition":"right","onePageScrollNavigationHorizontal":[],"onePageScrollNavigationVertical":[],"onePageScrollNavigationSpacing":[],"onePageScrollNavigationColor":"#00ff0d","onePageScrollNavigationColorHover":"#00ff0d","onePageScrollNavigationColorActive":"#00ff0d","onePageScrollNavigationIcon":[],"onePageScrollNavigationWidth":[],"onePageScrollNavigationWidthHover":[],"onePageScrollNavigationWidthActive":[],"onePageScrollNavigationHeight":[],"onePageScrollNavigationHeightHover":[],"onePageScrollNavigationHeightActive":[],"onePageScrollNavigationBorder":[],"onePageScrollNavigationBorderHover":[],"onePageScrollNavigationBorderActive":[],"onePageScrollNavigationBorderRadius":[],"onePageScrollNavigationBorderRadiusHover":[],"onePageScrollNavigationBorderRadiusActive":[],"onePageScrollNavigationTooltipTypography":[],"onePageScrollNavigationTooltipColor":"#ffffff","onePageScrollNavigationTooltipColorHover":"","onePageScrollNavigationTooltipBgColor":"#00ff0d","onePageScrollNavigationTooltipBgColorHover":"","onePageScrollNavigationTooltipPadding":[],"onePageScrollNavigationTooltipPaddingHover":[],"onePageScrollNavigationTooltipBorderRadius":[],"onePageScrollNavigationTooltipBorderRadiusHover":[],"pageSettingsCustomCss":"","footnotes":""},"class_list":["post-271692","page","type-page","status-publish","hentry"],"jetpack_sharing_enabled":true,"_links":{"self":[{"href":"https:\/\/www.savethequeen.it\/fr\/wp-json\/wp\/v2\/pages\/271692","targetHints":{"allow":["GET"]}}],"collection":[{"href":"https:\/\/www.savethequeen.it\/fr\/wp-json\/wp\/v2\/pages"}],"about":[{"href":"https:\/\/www.savethequeen.it\/fr\/wp-json\/wp\/v2\/types\/page"}],"author":[{"embeddable":true,"href":"https:\/\/www.savethequeen.it\/fr\/wp-json\/wp\/v2\/users\/2"}],"replies":[{"embeddable":true,"href":"https:\/\/www.savethequeen.it\/fr\/wp-json\/wp\/v2\/comments?post=271692"}],"version-history":[{"count":2,"href":"https:\/\/www.savethequeen.it\/fr\/wp-json\/wp\/v2\/pages\/271692\/revisions"}],"predecessor-version":[{"id":271777,"href":"https:\/\/www.savethequeen.it\/fr\/wp-json\/wp\/v2\/pages\/271692\/revisions\/271777"}],"wp:attachment":[{"href":"https:\/\/www.savethequeen.it\/fr\/wp-json\/wp\/v2\/media?parent=271692"}],"curies":[{"name":"wp","href":"https:\/\/api.w.org\/{rel}","templated":true}]}}