{"id":271682,"date":"2021-08-25T07:26:28","date_gmt":"2021-08-25T05:26:28","guid":{"rendered":"https:\/\/www.savethequeen.it\/stq\/index.php\/il-nostro-mondo\/"},"modified":"2026-03-30T12:27:54","modified_gmt":"2026-03-30T10:27:54","slug":"il-nostro-mondo","status":"publish","type":"page","link":"https:\/\/www.savethequeen.it\/fr\/il-nostro-mondo\/","title":{"rendered":"Notre monde"},"content":{"rendered":"\n<div id=\"wd-71e73bf2\" class=\"wp-block-wd-section\">\n<div id=\"wd-5ca05047\" class=\"wp-block-wd-row\">\n<div id=\"wd-a6d29b62\" class=\"wp-block-wd-column\">\n<p id=\"wd-9a74c592\" class=\"wp-block-wd-paragraph\">Les caract\u00e9ristiques du produit 100% made in Italy<\/p>\n\n\n\n<h2 id=\"wd-84a29a4b\" class=\"wp-block-wd-title title wd-custom-width\">Le Made in Italy est pour Save The Queen ! une histoire de talent, de culture de l&rsquo;\u00e9l\u00e9gance, d&rsquo;artisanat, de volont\u00e9 d&rsquo;innovation et d&rsquo;attention aux d\u00e9tails.<\/h2>\n<\/div>\n\n\n\n<div id=\"wd-b38a92d6\" class=\"wp-block-wd-column\">\n<h2 id=\"wd-1dff8114\" class=\"wp-block-wd-title title\"><strong>L&rsquo;art \u00e0 porter<\/strong><\/h2>\n\n\n\n<p style=\"font-size:15px\">Guid\u00e9 par une forte philosophie cr\u00e9ative, Save The Queen ! cr\u00e9e des collections de pr\u00eat-\u00e0-porter avec des imprim\u00e9s dessin\u00e9s \u00e0 la main et des tissus exclusifs, alliant dynamisme et expression artistique romantique.<\/p>\n<\/div>\n\n\n\n<div id=\"wd-80fc735b\" class=\"wp-block-wd-column\">\n<h2 id=\"wd-5c96156f\" class=\"wp-block-wd-title title\">L&rsquo;innovation au service de la tradition<\/h2>\n\n\n\n<p id=\"wd-87ae095c\" class=\"wp-block-wd-paragraph wd-custom-width\">Les m\u00e9thodes de gestion novatrices s&rsquo;allient parfaitement aux liens \u00e9troits avec les anciennes traditions artisanales italiennes.<\/p>\n<\/div>\n<\/div>\n<\/div>\n\n<div id=\"wd-31bcbef8\" class=\"wp-block-wd-row\">\n<div id=\"wd-c60b3da1\" class=\"wp-block-wd-column\">\n<div id=\"wd-15d0e170\" class=\"wp-block-wd-image wd-block-image\"><img loading=\"lazy\" decoding=\"async\" width=\"1280\" height=\"500\" class=\"wp-image-271424\" src=\"https:\/\/www.savethequeen.it\/wp-content\/uploads\/2026\/03\/teaser_boutiques-1-1.jpg\" alt=\"\" srcset=\"https:\/\/www.savethequeen.it\/wp-content\/uploads\/2026\/03\/teaser_boutiques-1-1.jpg 1280w, https:\/\/www.savethequeen.it\/wp-content\/uploads\/2026\/03\/teaser_boutiques-1-1-400x156.jpg 400w, https:\/\/www.savethequeen.it\/wp-content\/uploads\/2026\/03\/teaser_boutiques-1-1-768x300.jpg 768w, https:\/\/www.savethequeen.it\/wp-content\/uploads\/2026\/03\/teaser_boutiques-1-1-430x168.jpg 430w, https:\/\/www.savethequeen.it\/wp-content\/uploads\/2026\/03\/teaser_boutiques-1-1-700x273.jpg 700w, https:\/\/www.savethequeen.it\/wp-content\/uploads\/2026\/03\/teaser_boutiques-1-1-150x59.jpg 150w\" sizes=\"auto, (max-width: 1280px) 100vw, 1280px\" \/><\/div>\n\n\n\n<div style=\"height:57px\" aria-hidden=\"true\" class=\"wp-block-spacer\"><\/div>\n\n\n\n<p class=\"has-black-color has-text-color has-link-color has-medium-font-size wp-elements-805ba1a74ebbe2985cede8fc2ef60637\"><em>En plus de trente ans d&rsquo;histoire, Marco Fantini srl a cr\u00e9\u00e9 les marques LE GATTE, OHDD, SAVE THE QUEEN ! Des marques caract\u00e9ris\u00e9es par des identit\u00e9s cr\u00e9atives fortes et distinctes, mais unies par l&rsquo;inclination de l&rsquo;entreprise \u00e0 interpr\u00e9ter les \u00e9l\u00e9ments stylistiques de diff\u00e9rentes cultures de mani\u00e8re contemporaine, en recherchant la qualit\u00e9 et les mat\u00e9riaux innovants.<\/em><\/p>\n<\/div>\n\n\n\n<div id=\"wd-8a8a9800\" class=\"wp-block-wd-column\">\n<p id=\"wd-9b2e7492\" class=\"wp-block-wd-paragraph\">100% FABRIQU\u00c9 EN ITALIE<\/p>\n\n\n\n<h2 id=\"wd-7e205a3c\" class=\"wp-block-wd-title title\">Notre monde<\/h2>\n\n\n\n<p id=\"wd-0a8048cf\" class=\"wp-block-wd-paragraph\"><em>Les mati\u00e8res premi\u00e8res utilis\u00e9es ainsi que toutes les \u00e9tapes de transformation des produits sont r\u00e9alis\u00e9es en Italie.<\/em><\/p>\n\n\n\n<p id=\"wd-f5a626be\" class=\"wp-block-wd-paragraph\">Les mati\u00e8res premi\u00e8res utilis\u00e9es ainsi que toutes les \u00e9tapes de transformation des produits sont r\u00e9alis\u00e9es en Italie.<br\/>Pour Save The Queen, le Made in Italy est une histoire de talent, de culture de l&rsquo;\u00e9l\u00e9gance, d&rsquo;artisanat, de volont\u00e9 d&rsquo;innovation et d&rsquo;attention aux d\u00e9tails. Cr\u00e9ativit\u00e9 et intelligence technique. Des approches de gestion innovantes sont parfaitement combin\u00e9es avec des liens \u00e9troits avec les anciennes traditions artisanales italiennes.  <\/p>\n\n\n\n<p id=\"wd-d3c2f6d3\" class=\"wp-block-wd-paragraph\">Gr\u00e2ce \u00e0 cette conviction et \u00e0 cette philosophie cr\u00e9ative, Save The Queen ! donne vie \u00e0 chaque collection \u00e0 une galerie de petits chefs-d&rsquo;\u0153uvre de pret \u00e0 porter, o\u00f9 chaque v\u00eatement pr\u00e9sente des imprim\u00e9s dessin\u00e9s \u00e0 la main et des tissus exclusifs cr\u00e9\u00e9s avec dynamisme et expression artistique romantique. Le choix d&rsquo;imprimer les tissus n&rsquo;est pas seulement li\u00e9 \u00e0 un concept de style, mais aussi \u00e0 la volont\u00e9 de red\u00e9couvrir une tradition enti\u00e8rement italienne, qui fait appel \u00e0 des techniques de production d\u00e9velopp\u00e9es principalement dans la r\u00e9gion de C\u00f4me, o\u00f9 l&rsquo;entreprise fait encore imprimer ses tissus en 15 couleurs. Les dessins sont imprim\u00e9s sur des panneaux de tissu.  <\/p>\n\n\n\n<p>Et puis il y a les broderies. Ex\u00e9cut\u00e9es \u00e0 la main avec des machines Cornely pour que chaque v\u00eatement devienne unique et jamais identique \u00e0 un autre, les diff\u00e9rentes habilet\u00e9s manuelles des brodeuses conf\u00e8rent au dessin sa propre personnalit\u00e9. Saison apr\u00e8s saison, de nouvelles techniques et de nouveaux mat\u00e9riaux sont exp\u00e9riment\u00e9s dans une recherche continue : la broderie peut \u00eatre con\u00e7ue avec n&rsquo;importe quel type de fil, des laines les plus \u00e9paisses aux chenilles, raphia, rubans de satin ou de velours, et avec l&rsquo;insertion \u00e0 la main de petits accessoires dans n&rsquo;importe quel mat\u00e9riau.  <\/p>\n\n\n\n<div id=\"wd-511e1e1f\" class=\"wp-block-wd-divider wd-style-line\"><\/div>\n<\/div>\n<\/div>\n","protected":false},"excerpt":{"rendered":"","protected":false},"author":1,"featured_media":0,"parent":0,"menu_order":40,"comment_status":"closed","ping_status":"closed","template":"","meta":{"postBodyCss":"","postBodyMargin":[],"postBodyPadding":[],"postBodyBackground":{"backgroundType":"classic","gradient":""},"enableOnePageScrollInPage":false,"onePageScrollCss":"","onePageScrollSpeed":1000,"onePageScrollAnimation":"easeInOutQuad","onePageScrollShowDotNavigation":true,"onePageScrollNavigation":"scaleUp","onePageScrollNavigationPosition":"right","onePageScrollNavigationHorizontal":[],"onePageScrollNavigationVertical":[],"onePageScrollNavigationSpacing":[],"onePageScrollNavigationColor":"#00ff0d","onePageScrollNavigationColorHover":"#00ff0d","onePageScrollNavigationColorActive":"#00ff0d","onePageScrollNavigationIcon":[],"onePageScrollNavigationWidth":[],"onePageScrollNavigationWidthHover":[],"onePageScrollNavigationWidthActive":[],"onePageScrollNavigationHeight":[],"onePageScrollNavigationHeightHover":[],"onePageScrollNavigationHeightActive":[],"onePageScrollNavigationBorder":[],"onePageScrollNavigationBorderHover":[],"onePageScrollNavigationBorderActive":[],"onePageScrollNavigationBorderRadius":[],"onePageScrollNavigationBorderRadiusHover":[],"onePageScrollNavigationBorderRadiusActive":[],"onePageScrollNavigationTooltipTypography":[],"onePageScrollNavigationTooltipColor":"#ffffff","onePageScrollNavigationTooltipColorHover":"","onePageScrollNavigationTooltipBgColor":"#00ff0d","onePageScrollNavigationTooltipBgColorHover":"","onePageScrollNavigationTooltipPadding":[],"onePageScrollNavigationTooltipPaddingHover":[],"onePageScrollNavigationTooltipBorderRadius":[],"onePageScrollNavigationTooltipBorderRadiusHover":[],"pageSettingsCustomCss":"","footnotes":""},"class_list":["post-271682","page","type-page","status-publish","hentry"],"jetpack_sharing_enabled":true,"_links":{"self":[{"href":"https:\/\/www.savethequeen.it\/fr\/wp-json\/wp\/v2\/pages\/271682","targetHints":{"allow":["GET"]}}],"collection":[{"href":"https:\/\/www.savethequeen.it\/fr\/wp-json\/wp\/v2\/pages"}],"about":[{"href":"https:\/\/www.savethequeen.it\/fr\/wp-json\/wp\/v2\/types\/page"}],"author":[{"embeddable":true,"href":"https:\/\/www.savethequeen.it\/fr\/wp-json\/wp\/v2\/users\/1"}],"replies":[{"embeddable":true,"href":"https:\/\/www.savethequeen.it\/fr\/wp-json\/wp\/v2\/comments?post=271682"}],"version-history":[{"count":7,"href":"https:\/\/www.savethequeen.it\/fr\/wp-json\/wp\/v2\/pages\/271682\/revisions"}],"predecessor-version":[{"id":277221,"href":"https:\/\/www.savethequeen.it\/fr\/wp-json\/wp\/v2\/pages\/271682\/revisions\/277221"}],"wp:attachment":[{"href":"https:\/\/www.savethequeen.it\/fr\/wp-json\/wp\/v2\/media?parent=271682"}],"curies":[{"name":"wp","href":"https:\/\/api.w.org\/{rel}","templated":true}]}}