{"id":271675,"date":"2026-03-03T09:28:08","date_gmt":"2026-03-03T08:28:08","guid":{"rendered":"https:\/\/www.savethequeen.it\/stq\/index.php\/cookie-policy\/"},"modified":"2026-03-06T19:00:31","modified_gmt":"2026-03-06T18:00:31","slug":"cookie-policy","status":"publish","type":"page","link":"https:\/\/www.savethequeen.it\/fr\/cookie-policy\/","title":{"rendered":"Cookie Policy"},"content":{"rendered":"\n<p class=\"wp-block-wd-paragraph wd-c4f291d6\"><\/p>\n\n\n\n<p class=\"wp-block-wd-paragraph wd-09e74bdc\"><strong>Politique relative aux cookies<\/strong><br>Accueil \u2013 Politique relative aux cookies<\/p>\n\n\n\n<p class=\"wp-block-wd-paragraph wd-6091ead3\">Nous utilisons des cookies afin d\u2019am\u00e9liorer nos services. Pour en savoir plus, cliquez ici. Si vous continuez \u00e0 naviguer, vous acceptez l\u2019utilisation de ces cookies. <strong>CONFIDENTIALIT\u00c9<\/strong><\/p>\n\n\n\n<div class=\"wp-block-wd-divider wd-style-line wd-388626ae\"><\/div>\n\n\n\n<p class=\"wp-block-wd-paragraph wd-1252709b\"><strong>Cher Client \/ Cher Visiteur<\/strong><\/p>\n\n\n\n<p class=\"wp-block-wd-paragraph wd-911a9d31\">La pr\u00e9sente Politique relative aux cookies vise \u00e0 vous expliquer les types et les cat\u00e9gories de cookies, leurs finalit\u00e9s et les modalit\u00e9s d\u2019utilisation des cookies par <strong>Marco Fantini srl<\/strong>, Responsable du traitement, dont le si\u00e8ge est situ\u00e9 \u00e0 Campi Bisenzio (FI), Via del Paradiso n\u00b018\/E. Elle a \u00e9galement pour but de vous fournir des informations utiles concernant la suppression ou le refus \u00e9ventuel des cookies pr\u00e9sents sur le site.<\/p>\n\n\n\n<p class=\"wp-block-wd-paragraph wd-79a36859\">En tant que Responsable du traitement des donn\u00e9es personnelles, <strong>Marco Fantini srl<\/strong> se r\u00e9serve le droit de modifier cette politique \u00e0 tout moment : toute modification prendra effet \u00e0 compter de la date de publication sur le site.<\/p>\n\n\n\n<div class=\"wp-block-wd-divider wd-style-line wd-4be0a625\"><\/div>\n\n\n\n<h2 class=\"wp-block-wd-title title wd-58839a60\">Qu\u2019est-ce qu\u2019un cookie ?<\/h2>\n\n\n\n<p class=\"wp-block-wd-paragraph wd-ab2759ac\">Les cookies sont de petits fichiers texte envoy\u00e9s par un serveur au navigateur Internet de l\u2019utilisateur. Ils sont automatiquement enregistr\u00e9s sur votre ordinateur lorsque vous visitez certains sites web et renvoy\u00e9s automatiquement au serveur \u00e0 chaque acc\u00e8s ou visite ult\u00e9rieure du site.<\/p>\n\n\n\n<p class=\"wp-block-wd-paragraph wd-315385dd\">Pour le site <strong><a href=\"http:\/\/www.savethequeen.it\/\">www.savethequeen.it<\/a><\/strong> et ses sous-domaines, nous utilisons des cookies \u2014 avec le consentement de l\u2019utilisateur lorsque la loi ou la r\u00e9glementation applicable l\u2019exige \u2014 afin de faciliter la navigation et de personnaliser les informations destin\u00e9es \u00e0 l\u2019utilisateur.<\/p>\n\n\n\n<p class=\"wp-block-wd-paragraph wd-75bb536f\">Nous utilisons \u00e9galement des syst\u00e8mes similaires pour collecter des informations sur les utilisateurs, telles que l\u2019adresse IP, le type de navigateur et le syst\u00e8me d\u2019exploitation utilis\u00e9 et\/ou les pages web visit\u00e9es, \u00e0 des fins statistiques ou de s\u00e9curit\u00e9.<\/p>\n\n\n\n<p class=\"wp-block-wd-paragraph wd-5bc646d8\">Les cookies sont utiles car ils permettent \u00e0 notre site web de reconna\u00eetre l\u2019appareil de l\u2019utilisateur et remplissent diff\u00e9rentes fonctions, par exemple :<\/p>\n\n\n\n<ul class=\"wp-block-list\">\n<li>vous permettre de naviguer efficacement entre les pages,<\/li>\n\n\n\n<li>m\u00e9moriser vos pages pr\u00e9f\u00e9r\u00e9es,<\/li>\n\n\n\n<li>am\u00e9liorer globalement votre exp\u00e9rience de navigation.<\/li>\n<\/ul>\n\n\n\n<p class=\"wp-block-wd-paragraph wd-b5644495\">Ils permettent \u00e9galement de s\u2019assurer que les contenus publicitaires affich\u00e9s en ligne sont plus adapt\u00e9s \u00e0 l\u2019utilisateur et \u00e0 ses int\u00e9r\u00eats.<\/p>\n\n\n\n<p class=\"wp-block-wd-paragraph wd-3692ce4e\">Nous vous informons que si vous d\u00e9cidez de d\u00e9sactiver ou de refuser les cookies, certaines parties du site <strong><a href=\"http:\/\/www.savethequeen.it\/\">www.savethequeen.it<\/a><\/strong> et de ses sous-domaines pourraient \u00eatre inaccessibles ou ne pas fonctionner correctement.<\/p>\n\n\n\n<p class=\"wp-block-wd-paragraph wd-844bda17\">Pour une utilisation simple et compl\u00e8te du site, il est conseill\u00e9 \u00e0 l\u2019utilisateur de configurer son navigateur de mani\u00e8re \u00e0 accepter ces cookies.<\/p>\n\n\n\n<p class=\"wp-block-wd-paragraph wd-09aa7abe\">Les cookies ne sont pas dangereux pour votre ordinateur, tablette ou smartphone. Dans les cookies g\u00e9n\u00e9r\u00e9s par le site <strong><a href=\"http:\/\/www.savethequeen.it\/\">www.savethequeen.it<\/a><\/strong>, aucune information personnelle identifiable n\u2019est conserv\u00e9e, uniquement des informations crypt\u00e9es.<\/p>\n\n\n\n<p class=\"wp-block-wd-paragraph wd-0ac560e7\">Le site <strong><a href=\"http:\/\/www.savethequeen.it\/\">www.savethequeen.it<\/a><\/strong> et ses sous-domaines utilisent les cookies suivants :<\/p>\n\n\n\n<div class=\"wp-block-wd-divider wd-style-line wd-af445d0b\"><\/div>\n\n\n\n<h2 class=\"wp-block-wd-title title wd-21517884\">Cookies de navigation<\/h2>\n\n\n\n<p class=\"wp-block-wd-paragraph wd-2e196e82\">Ces cookies sont essentiels pour vous permettre de naviguer sur le site et d\u2019utiliser ses fonctionnalit\u00e9s. Sans ces cookies, certaines fonctionnalit\u00e9s pourraient ne pas \u00eatre accessibles ou ne pas fonctionner correctement.<\/p>\n\n\n\n<p class=\"wp-block-wd-paragraph wd-e1e052f5\">Les cookies strictement n\u00e9cessaires sont utilis\u00e9s pour m\u00e9moriser un identifiant permettant de distinguer l\u2019utilisateur de mani\u00e8re unique par rapport aux autres utilisateurs, afin de fournir un service coh\u00e9rent et pr\u00e9cis.<\/p>\n\n\n\n<div class=\"wp-block-wd-divider wd-style-line wd-756729dc\"><\/div>\n\n\n\n<h2 class=\"wp-block-wd-title title wd-24332b8e\">Cookies de performance<\/h2>\n\n\n\n<p class=\"wp-block-wd-paragraph wd-ac1b04c1\">Ces cookies peuvent \u00eatre les n\u00f4tres ou ceux de partenaires, de session ou persistants. Leur utilisation est limit\u00e9e \u00e0 la performance et \u00e0 l\u2019am\u00e9lioration du site.<\/p>\n\n\n\n<p class=\"wp-block-wd-paragraph wd-a49ba7cd\">Ces cookies ne collectent pas d\u2019informations permettant d\u2019identifier l\u2019utilisateur. Toutes les informations collect\u00e9es sont agr\u00e9g\u00e9es et anonymes et sont utilis\u00e9es uniquement pour am\u00e9liorer les fonctionnalit\u00e9s du site.<\/p>\n\n\n\n<div class=\"wp-block-wd-divider wd-style-line wd-04f1c0b1\"><\/div>\n\n\n\n<h2 class=\"wp-block-wd-title title wd-1ff43875\">Cookies fonctionnels<\/h2>\n\n\n\n<p class=\"wp-block-wd-paragraph wd-628909dc\">Ces cookies sont g\u00e9n\u00e9ralement la cons\u00e9quence d\u2019une action de l\u2019utilisateur, mais ils peuvent \u00e9galement \u00eatre mis en place lors de la fourniture d\u2019un service non explicitement demand\u00e9 mais offert \u00e0 l\u2019utilisateur.<\/p>\n\n\n\n<p class=\"wp-block-wd-paragraph wd-6744cef7\">Ils peuvent \u00e9galement \u00eatre utilis\u00e9s pour \u00e9viter de proposer \u00e0 nouveau \u00e0 un utilisateur sp\u00e9cifique un service d\u00e9j\u00e0 pr\u00e9sent\u00e9.<\/p>\n\n\n\n<p class=\"wp-block-wd-paragraph wd-f2236094\">De plus, ces cookies permettent au site de m\u00e9moriser les choix effectu\u00e9s par l\u2019utilisateur. Les informations collect\u00e9es sont anonymes et ne permettent pas de suivre le comportement de l\u2019utilisateur sur d\u2019autres sites.<\/p>\n\n\n\n<div class=\"wp-block-wd-divider wd-style-line wd-341b5a01\"><\/div>\n\n\n\n<h2 class=\"wp-block-wd-title title wd-834135d9\">Cookies de tiers pour marketing \/ retargeting<\/h2>\n\n\n\n<p class=\"wp-block-wd-paragraph wd-44ab0925\">Ces cookies sont utilis\u00e9s par les partenaires du site <strong><a href=\"http:\/\/www.savethequeen.it\/\">www.savethequeen.it<\/a><\/strong> afin d\u2019afficher nos messages publicitaires lorsque vous visitez d\u2019autres sites, par exemple en montrant les derniers produits que vous avez consult\u00e9s sur le site.<\/p>\n\n\n\n<p class=\"wp-block-wd-paragraph wd-93922496\">Ces cookies peuvent \u00e9galement \u00eatre utilis\u00e9s pour afficher des produits susceptibles de vous int\u00e9resser ou similaires \u00e0 ceux que vous avez consult\u00e9s pr\u00e9c\u00e9demment.<\/p>\n\n\n\n<p class=\"wp-block-wd-paragraph wd-08a076b9\">L\u2019utilisation de ces cookies n\u2019implique pas le traitement de donn\u00e9es personnelles, mais peut permettre la connexion au navigateur install\u00e9 sur votre ordinateur ou sur d\u2019autres appareils utilis\u00e9s pendant la navigation.<\/p>\n\n\n\n<div class=\"wp-block-wd-divider wd-style-line wd-cd44ca6a\"><\/div>\n\n\n\n<h2 class=\"wp-block-wd-title title wd-d608164a\">Comment d\u00e9sactiver les cookies<\/h2>\n\n\n\n<p class=\"wp-block-wd-paragraph wd-c6965f86\">La r\u00e9glementation sur la protection des donn\u00e9es personnelles pr\u00e9voit que l\u2019utilisateur puisse d\u00e9sactiver les cookies d\u00e9j\u00e0 install\u00e9s (<strong>opt-out<\/strong>).<\/p>\n\n\n\n<p class=\"wp-block-wd-paragraph wd-828edc4d\">L\u2019opt-out est pr\u00e9vu pour les <strong>cookies techniques<\/strong> (art. 122 du Code de la protection des donn\u00e9es), ainsi que pour les cookies qui ne rel\u00e8vent pas des cookies techniques pr\u00e9c\u00e9demment accept\u00e9s par l\u2019utilisateur (<strong>opt-in<\/strong>).<\/p>\n\n\n\n<p class=\"wp-block-wd-paragraph wd-de35b19c\">Sur la base de cette distinction, l\u2019utilisateur peut d\u00e9sactiver et\/ou supprimer les cookies via les param\u00e8tres de son navigateur en cliquant sur les liens suivants :<\/p>\n\n\n\n<ul class=\"wp-block-list\">\n<li>Microsoft Internet Explorer<br><a href=\"https:\/\/support.microsoft.com\/en-us\/kb\/278835\/it\">https:\/\/support.microsoft.com\/en-us\/kb\/278835\/it<\/a><\/li>\n\n\n\n<li>Google Chrome<br><a href=\"https:\/\/support.google.com\/accounts\/answer\/32050?hl=it\">https:\/\/support.google.com\/accounts\/answer\/32050?hl=it<\/a><\/li>\n\n\n\n<li>Mozilla Firefox<br><a href=\"https:\/\/support.mozilla.org\/it\/kb\/Eliminare%20i%20cookie\">https:\/\/support.mozilla.org\/it\/kb\/Eliminare%20i%20cookie<\/a><\/li>\n\n\n\n<li>Safari<br><a href=\"https:\/\/support.apple.com\/it-it\/HT201265\">https:\/\/support.apple.com\/it-it\/HT201265<\/a><\/li>\n\n\n\n<li>Opera<br><a href=\"http:\/\/help.opera.com\/Windows\/12.10\/it\/cookies.html\">http:\/\/help.opera.com\/Windows\/12.10\/it\/cookies.html<\/a><\/li>\n<\/ul>\n\n\n\n<p class=\"wp-block-wd-paragraph wd-caa6d05c\">L\u2019utilisateur peut \u00e9galement d\u00e9sactiver et\/ou supprimer individuellement les cookies non techniques fournis par des tiers en acc\u00e9dant au site g\u00e9r\u00e9 par <strong>European Interactive Digital Advertising Alliance (EDAA)<\/strong> :<br><a href=\"http:\/\/www.youronlinechoices.eu\/\">www.youronlinechoices.eu<\/a><\/p>\n\n\n\n<div class=\"wp-block-wd-divider wd-style-line wd-65dba161\"><\/div>\n\n\n\n<h2 class=\"wp-block-wd-title title wd-cfa69d46\">Cookies techniques \/ analytiques<\/h2>\n\n\n\n<p class=\"wp-block-wd-paragraph wd-c61aae2a\"><strong>Cookies techniques<\/strong><br>Ils sont utilis\u00e9s par le site pour garantir une navigation efficace, la stabilit\u00e9 de la session, la conservation du panier, du login pendant toute la session et du pays de navigation s\u00e9lectionn\u00e9.<\/p>\n\n\n\n<p class=\"wp-block-wd-paragraph wd-c0993734\">Ils servent \u00e9galement \u00e0 m\u00e9moriser les choix de l\u2019utilisateur concernant l\u2019affichage de certains \u00e9l\u00e9ments de la page, comme les banni\u00e8res informatives et de communication.<\/p>\n\n\n\n<p class=\"wp-block-wd-paragraph wd-eaba4624\">Enfin, un cookie d\u2019une dur\u00e9e maximale de <strong>12 mois<\/strong> est install\u00e9 pour enregistrer le consentement de l\u2019utilisateur et \u00e9viter de le redemander via la banni\u00e8re.<\/p>\n\n\n\n<p class=\"wp-block-wd-paragraph wd-522cbc88\"><strong>Cookies analytiques<\/strong><br>Ils sont utilis\u00e9s par des tiers, m\u00eame sous forme d\u00e9sagr\u00e9g\u00e9e, pour la gestion des statistiques.<\/p>\n\n\n\n<p class=\"wp-block-wd-paragraph wd-b45cf429\">Ces cookies collectent des informations relatives \u00e0 l\u2019utilisation de notre site afin d\u2019am\u00e9liorer l\u2019exp\u00e9rience de navigation et d\u2019achat des utilisateurs. Toutes les informations collect\u00e9es sont anonymes.<\/p>\n\n\n\n<p class=\"wp-block-wd-paragraph wd-0d9bb3a0\">Par exemple, ces cookies collectent les informations suivantes :<\/p>\n\n\n\n<ul class=\"wp-block-list\">\n<li>nombre de visiteurs, pages vues et navigation sur le site ;<\/li>\n\n\n\n<li>efficacit\u00e9 des campagnes d\u2019acquisition selon la source du trafic web ;<\/li>\n\n\n\n<li>d\u00e9tails sur les produits consult\u00e9s et \u00e9ventuellement achet\u00e9s.<\/li>\n<\/ul>\n\n\n\n<div class=\"wp-block-wd-divider wd-style-line wd-6f9b5295\"><\/div>\n\n\n\n<h2 class=\"wp-block-wd-title title wd-7b75ebd5\">Cookies utilis\u00e9s par des tiers<\/h2>\n\n\n\n<ul class=\"wp-block-list\">\n<li>Google Analytics<\/li>\n\n\n\n<li>Google Ads<\/li>\n\n\n\n<li>Facebook<\/li>\n\n\n\n<li>Instagram<\/li>\n\n\n\n<li>Pinterest<\/li>\n<\/ul>\n\n\n\n<div class=\"wp-block-wd-divider wd-style-line wd-fbd5819e\"><\/div>\n","protected":false},"excerpt":{"rendered":"","protected":false},"author":2,"featured_media":0,"parent":0,"menu_order":0,"comment_status":"closed","ping_status":"closed","template":"","meta":{"postBodyCss":"","postBodyMargin":[],"postBodyPadding":[],"postBodyBackground":{"backgroundType":"classic","gradient":""},"enableOnePageScrollInPage":false,"onePageScrollCss":"","onePageScrollSpeed":1000,"onePageScrollAnimation":"easeInOutQuad","onePageScrollShowDotNavigation":true,"onePageScrollNavigation":"scaleUp","onePageScrollNavigationPosition":"right","onePageScrollNavigationHorizontal":[],"onePageScrollNavigationVertical":[],"onePageScrollNavigationSpacing":[],"onePageScrollNavigationColor":"#00ff0d","onePageScrollNavigationColorHover":"#00ff0d","onePageScrollNavigationColorActive":"#00ff0d","onePageScrollNavigationIcon":[],"onePageScrollNavigationWidth":[],"onePageScrollNavigationWidthHover":[],"onePageScrollNavigationWidthActive":[],"onePageScrollNavigationHeight":[],"onePageScrollNavigationHeightHover":[],"onePageScrollNavigationHeightActive":[],"onePageScrollNavigationBorder":[],"onePageScrollNavigationBorderHover":[],"onePageScrollNavigationBorderActive":[],"onePageScrollNavigationBorderRadius":[],"onePageScrollNavigationBorderRadiusHover":[],"onePageScrollNavigationBorderRadiusActive":[],"onePageScrollNavigationTooltipTypography":[],"onePageScrollNavigationTooltipColor":"#ffffff","onePageScrollNavigationTooltipColorHover":"","onePageScrollNavigationTooltipBgColor":"#00ff0d","onePageScrollNavigationTooltipBgColorHover":"","onePageScrollNavigationTooltipPadding":[],"onePageScrollNavigationTooltipPaddingHover":[],"onePageScrollNavigationTooltipBorderRadius":[],"onePageScrollNavigationTooltipBorderRadiusHover":[],"pageSettingsCustomCss":"","footnotes":""},"class_list":["post-271675","page","type-page","status-publish","hentry"],"jetpack_sharing_enabled":true,"_links":{"self":[{"href":"https:\/\/www.savethequeen.it\/fr\/wp-json\/wp\/v2\/pages\/271675","targetHints":{"allow":["GET"]}}],"collection":[{"href":"https:\/\/www.savethequeen.it\/fr\/wp-json\/wp\/v2\/pages"}],"about":[{"href":"https:\/\/www.savethequeen.it\/fr\/wp-json\/wp\/v2\/types\/page"}],"author":[{"embeddable":true,"href":"https:\/\/www.savethequeen.it\/fr\/wp-json\/wp\/v2\/users\/2"}],"replies":[{"embeddable":true,"href":"https:\/\/www.savethequeen.it\/fr\/wp-json\/wp\/v2\/comments?post=271675"}],"version-history":[{"count":2,"href":"https:\/\/www.savethequeen.it\/fr\/wp-json\/wp\/v2\/pages\/271675\/revisions"}],"predecessor-version":[{"id":271771,"href":"https:\/\/www.savethequeen.it\/fr\/wp-json\/wp\/v2\/pages\/271675\/revisions\/271771"}],"wp:attachment":[{"href":"https:\/\/www.savethequeen.it\/fr\/wp-json\/wp\/v2\/media?parent=271675"}],"curies":[{"name":"wp","href":"https:\/\/api.w.org\/{rel}","templated":true}]}}