{"id":271669,"date":"2021-08-25T09:00:10","date_gmt":"2021-08-25T07:00:10","guid":{"rendered":"https:\/\/www.savethequeen.it\/stq\/index.php\/contatti\/"},"modified":"2026-03-06T18:51:56","modified_gmt":"2026-03-06T17:51:56","slug":"contatti","status":"publish","type":"page","link":"https:\/\/www.savethequeen.it\/fr\/contatti\/","title":{"rendered":"Contacts"},"content":{"rendered":"\n<div style=\"height:57px\" aria-hidden=\"true\" class=\"wp-block-spacer\"><\/div>\n\n\n\n<div class=\"wp-block-wd-section wd-2cbd3882\">\n<div class=\"wp-block-wd-container wd-dir-col wd-a08b5d29\">\n<h2 class=\"wp-block-wd-title title wd-align wd-b2e45b3a\">SERVICE CLIENT\u00c8LE<\/h2>\n\n\n\n<h2 class=\"wp-block-wd-title title wd-align wd-8a07db44\"><a href=\"mailto:info@shop.savethequeen.it\">info@shop.savethequeen.it<\/a><\/h2>\n\n\n\n<div class=\"wp-block-wd-divider wd-style-line wd-1efe76bf\"><\/div>\n\n\n\n<p class=\"wp-block-wd-paragraph wd-align wd-a55434f7\"><strong>Nous sommes l\u00e0 pour vous<\/strong><\/p>\n\n\n\n<p class=\"wp-block-wd-paragraph wd-align wd-208bd579\">La satisfaction de nos clients est notre priorit\u00e9.<br>Notre service client\u00e8le est \u00e0 votre disposition pour vous offrir une assistance rapide, claire et professionnelle.<br>Que vous ayez besoin d&rsquo;informations, d&rsquo;aide pour une commande ou d&rsquo;un service apr\u00e8s-vente,<br>notre \u00e9quipe est pr\u00eate \u00e0 vous aider avec courtoisie et efficacit\u00e9.<\/p>\n\n\n\n<p class=\"has-text-align-center\" style=\"font-size:22px\"><em>Contactez-nous : nous trouverons ensemble la meilleure solution pour vous.<\/em><\/p>\n<\/div>\n<\/div>\n","protected":false},"excerpt":{"rendered":"","protected":false},"author":1,"featured_media":0,"parent":0,"menu_order":38,"comment_status":"closed","ping_status":"closed","template":"","meta":{"postBodyCss":"","postBodyMargin":[],"postBodyPadding":[],"postBodyBackground":{"backgroundType":"classic","gradient":""},"enableOnePageScrollInPage":false,"onePageScrollCss":"","onePageScrollSpeed":1000,"onePageScrollAnimation":"easeInOutQuad","onePageScrollShowDotNavigation":true,"onePageScrollNavigation":"scaleUp","onePageScrollNavigationPosition":"right","onePageScrollNavigationHorizontal":[],"onePageScrollNavigationVertical":[],"onePageScrollNavigationSpacing":[],"onePageScrollNavigationColor":"#00ff0d","onePageScrollNavigationColorHover":"#00ff0d","onePageScrollNavigationColorActive":"#00ff0d","onePageScrollNavigationIcon":[],"onePageScrollNavigationWidth":[],"onePageScrollNavigationWidthHover":[],"onePageScrollNavigationWidthActive":[],"onePageScrollNavigationHeight":[],"onePageScrollNavigationHeightHover":[],"onePageScrollNavigationHeightActive":[],"onePageScrollNavigationBorder":[],"onePageScrollNavigationBorderHover":[],"onePageScrollNavigationBorderActive":[],"onePageScrollNavigationBorderRadius":[],"onePageScrollNavigationBorderRadiusHover":[],"onePageScrollNavigationBorderRadiusActive":[],"onePageScrollNavigationTooltipTypography":[],"onePageScrollNavigationTooltipColor":"#ffffff","onePageScrollNavigationTooltipColorHover":"","onePageScrollNavigationTooltipBgColor":"#00ff0d","onePageScrollNavigationTooltipBgColorHover":"","onePageScrollNavigationTooltipPadding":[],"onePageScrollNavigationTooltipPaddingHover":[],"onePageScrollNavigationTooltipBorderRadius":[],"onePageScrollNavigationTooltipBorderRadiusHover":[],"pageSettingsCustomCss":"","footnotes":""},"class_list":["post-271669","page","type-page","status-publish","hentry"],"jetpack_sharing_enabled":true,"_links":{"self":[{"href":"https:\/\/www.savethequeen.it\/fr\/wp-json\/wp\/v2\/pages\/271669","targetHints":{"allow":["GET"]}}],"collection":[{"href":"https:\/\/www.savethequeen.it\/fr\/wp-json\/wp\/v2\/pages"}],"about":[{"href":"https:\/\/www.savethequeen.it\/fr\/wp-json\/wp\/v2\/types\/page"}],"author":[{"embeddable":true,"href":"https:\/\/www.savethequeen.it\/fr\/wp-json\/wp\/v2\/users\/1"}],"replies":[{"embeddable":true,"href":"https:\/\/www.savethequeen.it\/fr\/wp-json\/wp\/v2\/comments?post=271669"}],"version-history":[{"count":3,"href":"https:\/\/www.savethequeen.it\/fr\/wp-json\/wp\/v2\/pages\/271669\/revisions"}],"predecessor-version":[{"id":271769,"href":"https:\/\/www.savethequeen.it\/fr\/wp-json\/wp\/v2\/pages\/271669\/revisions\/271769"}],"wp:attachment":[{"href":"https:\/\/www.savethequeen.it\/fr\/wp-json\/wp\/v2\/media?parent=271669"}],"curies":[{"name":"wp","href":"https:\/\/api.w.org\/{rel}","templated":true}]}}