{"id":278169,"date":"2026-04-15T10:06:29","date_gmt":"2026-04-15T08:06:29","guid":{"rendered":"https:\/\/www.savethequeen.it\/?post_type=product&#038;p=278169"},"modified":"2026-04-15T10:09:30","modified_gmt":"2026-04-15T08:09:30","slug":"devore-jersey-short-dress-with-floral-print-copia-copia-2","status":"publish","type":"product","link":"https:\/\/www.savethequeen.it\/en\/prodotto\/devore-jersey-short-dress-with-floral-print-copia-copia-2\/","title":{"rendered":"D\u00e9vor\u00e9 jersey short dress with floral print (Copia) (Copia)"},"content":{"rendered":"<p>Short dress in precious d\u00e9vor\u00e9 printed jersey, featuring a floral panel design that enhances the silhouette. The beautiful neckline, both at the front and back, has edges finished with multicolor lace that give it a refined and feminine touch. <\/p>\n<p>&nbsp;<\/p>\n<p>This article was designed and is 100% made in Italy.<\/p>\n","protected":false},"excerpt":{"rendered":"<p>Short dress in precious d\u00e9vor\u00e9 printed jersey, featuring a floral panel design that enhances the silhouette. The beautiful neckline, both<\/p>\n","protected":false},"featured_media":278187,"comment_status":"open","ping_status":"closed","template":"","meta":[],"product_brand":[357],"product_cat":[231,188,300],"product_tag":[],"class_list":{"0":"post-278169","1":"product","2":"type-product","3":"status-publish","4":"has-post-thumbnail","6":"product_brand-sun","7":"product_cat-clothes","8":"product_cat-new-in","9":"product_cat-sun","10":"pa_vestibilita-regular","12":"first","13":"instock","14":"sale","15":"taxable","16":"shipping-taxable","17":"purchasable","18":"product-type-variable"},"jetpack_sharing_enabled":true,"_links":{"self":[{"href":"https:\/\/www.savethequeen.it\/en\/wp-json\/wp\/v2\/product\/278169","targetHints":{"allow":["GET"]}}],"collection":[{"href":"https:\/\/www.savethequeen.it\/en\/wp-json\/wp\/v2\/product"}],"about":[{"href":"https:\/\/www.savethequeen.it\/en\/wp-json\/wp\/v2\/types\/product"}],"replies":[{"embeddable":true,"href":"https:\/\/www.savethequeen.it\/en\/wp-json\/wp\/v2\/comments?post=278169"}],"wp:featuredmedia":[{"embeddable":true,"href":"https:\/\/www.savethequeen.it\/en\/wp-json\/wp\/v2\/media\/278187"}],"wp:attachment":[{"href":"https:\/\/www.savethequeen.it\/en\/wp-json\/wp\/v2\/media?parent=278169"}],"wp:term":[{"taxonomy":"product_brand","embeddable":true,"href":"https:\/\/www.savethequeen.it\/en\/wp-json\/wp\/v2\/product_brand?post=278169"},{"taxonomy":"product_cat","embeddable":true,"href":"https:\/\/www.savethequeen.it\/en\/wp-json\/wp\/v2\/product_cat?post=278169"},{"taxonomy":"product_tag","embeddable":true,"href":"https:\/\/www.savethequeen.it\/en\/wp-json\/wp\/v2\/product_tag?post=278169"}],"curies":[{"name":"wp","href":"https:\/\/api.w.org\/{rel}","templated":true}]}}