{"id":271705,"date":"2026-03-03T09:29:40","date_gmt":"2026-03-03T08:29:40","guid":{"rendered":"https:\/\/www.savethequeen.it\/stq\/index.php\/privacy-policy-2\/"},"modified":"2026-03-05T17:58:12","modified_gmt":"2026-03-05T16:58:12","slug":"privacy-policy-2","status":"publish","type":"page","link":"https:\/\/www.savethequeen.it\/en\/privacy-policy-2\/","title":{"rendered":"Privacy Policy"},"content":{"rendered":"\n<h2 id=\"wd-c339a9dc\" class=\"wp-block-wd-title title\">INFORMATIVA PRIVACY Ex.art.13 D.Lgs. 196\/2003<\/h2>\n\n\n\n<p id=\"wd-c7397293\" class=\"wp-block-wd-paragraph\">Gentile Cliente \/ Gentile Visitatore<\/p>\n\n\n\n<p id=\"wd-f529c4cd\" class=\"wp-block-wd-paragraph\">La presente Privacy Policy si applica al sito web https:\/\/www.savethequeen.it\/ e disciplina il trattamento dei dati personali effettuato da Marco Fantini Srl ai fini dello svolgimento dell\u2019attivit\u00e0 di vendita di prodotti attraverso il sito Marco Fantini Srl e, con il consenso dell\u2019utente, per finalit\u00e0 di marketing. Le informazioni di seguito riportate sono conformi alla disciplina prevista dal D.Lgs. 196\/2003 e al Regolamento UE n. 679\/2016 in materia di protezione dei dati personali.<\/p>\n\n\n\n<ul class=\"wp-block-list\">\n<li>Titolare del trattamento Il Titolare del trattamento \u00e8 Marco Fantini Srl \u2013 via del Paradiso 118\/e- 5013 Campi Bisenzio (Fi) Contatti: +39 055 8958201,\u00a0<a href=\"mailto:info@shop.savethequeen.it\">info@shop.savethequeen.it<\/a><\/li>\n\n\n\n<li>Tipologia dei dati raccolti e finalit\u00e0 del trattamento I dati personali che Marco Fantini Srl raccoglie e tratta comprendono nome, cognome, indirizzo, numero di telefono, indirizzo di posta elettronica (e-mail), codice fiscale o partita IVA ed altre eventuali informazioni di carattere facoltativo. Marco Fantini Srl raccoglie e tratta i dati personali forniti volontariamente dall\u2019utente per svolgere tutte le attivit\u00e0 di vendita di prodotti del marchio \u201cSave The Queen!\u201d attraverso il sito e attivit\u00e0 strettamente connesse (a mero titolo esemplificativo e non esaustivo: prevenzione di frodi, gestione prodotti resi, garanzia dei prodotti, supporto clienti, partecipazione ad iniziative offerte sul sito, richiesta a Marco Fantini Srl di informazioni relative all\u2019acquisto di prodotti ovvero invio a Marco Fantini Srl di comunicazioni relative a tali attivit\u00e0 . Marco Fantini Srl tratter\u00e0 inoltre i dati personali dell\u2019utente per far valere o difendere un diritto in sede giudiziaria e per l\u2019adempimento di obblighi previsti da leggi, regolamenti e dalla normativa comunitaria. In conformit\u00e0 a quanto disposto dall\u2019art. 5 del Regolamento n. 679\/2016, la raccolta di dati personali degli utenti da parte di Marco Fantini Srl riguarder\u00e0 soltanto i dati adeguati, pertinenti e strettamente necessari al fine di svolgere le attivit\u00e0 di vendita nonch\u00e9 ogni altra attivit\u00e0 connessa. Inoltre, con il preventivo, nonch\u00e8 libero e facoltativo, consenso dell\u2019utente, Marco Fantini Srl potr\u00e0 trattare i dati personali dell\u2019utente anche per finalit\u00e0 di marketing, cio\u00e8 per inviare all\u2019utente tramite newsletter informazioni su Marco Fantini srl, informazioni su prodotti e su eventi organizzati da Marco Fantini Srl o con la partecipazione di Marco Fantini Srl , e su eventi e simili iniziative organizzati da Marco Fantini Srl, compresi eventuali inviti a tali eventi. L\u2019utente avr\u00e0 sempre la possibilit\u00e0 di revocare il proprio consenso all\u2019invio della newsletter. In ogni comunicazione vi sar\u00e0 un\u2019apposita sezione in cui sono specificate le modalit\u00e0 per revocare il proprio consenso e non ricevere pi\u00f9 la newsletter.<\/li>\n\n\n\n<li>Il conferimento di dati personali. Il conferimento di dati da parte dell\u2019utente \u00e8 necessario per lo svolgimento delle attivit\u00e0 di vendita di prodotti attraverso il sito<a href=\"https:\/\/www.savethequeen.it\/\">\u00a0https:\/\/www.savethequeen.it\/<\/a>\u00a0e attivit\u00e0 ad esse connesse. Inoltre, il conferimento di dati personali dell\u2019utente \u00e8 obbligatorio per adempiere disposizioni di carattere legislativo; l\u2019eventuale mancato conferimento di dati personali da parte dell\u2019utente nei casi sopra indicati comporter\u00e0 l\u2019impossibilit\u00e0 per l\u2019utente di ricevere i servizi, i prodotti richiesti e di ricevere le risposte e informazioni richieste sul sito https:\/\/www.savethequeen.it\/. Il conferimento di dati da parte dell\u2019utente per finalit\u00e0 di marketing, come sopra specificato, \u00e8 libero e facoltativo; in tal caso l\u2019eventuale mancato conferimento non avr\u00e0 alcuna conseguenza.<\/li>\n\n\n\n<li>Il luogo di conservazione dei dati personali raccolti. I dati personali raccolti saranno trattati da Marco Fantini Srl. Si invita l\u2019utente a consultare la sezione della Privacy Policy relativa all\u2019ambito di comunicazione dei dati personali per ulteriori informazioni.<\/li>\n\n\n\n<li>Cookies e tags I cookies sono files di dati usati in seguito ad iscrizione dell\u2019utente al sito e conservati sul disco rigido del computer dell\u2019utente. Il sito impiega cookies ed altre tecnologie interattive, ad esempio tags, per finalit\u00e0 specifiche, e cio\u00e8 per offrire all\u2019utente una pi\u00f9 agevole navigazione sul sito e permettere un pi\u00f9 agevole accesso allo stesso, nonch\u00e8 per finalit\u00e0 interne di sicurezza, analisi statistica (ad esempio, traffico sul sito) e amministrazione del sistema. I c.d. cookies di sessione sono conservati in una memoria temporanea e sono cancellati quando l\u2019utente chiude il browser. I cookies ed i tags impiegati da Marco Fantini Srl non permettono a Marco Fantini Srl alcun controllo sul computer dell\u2019utente. Marco Fantini Srl non utilizza i cookies o tags per accedere ad informazioni archiviate sul computer dell\u2019utente e per monitorare le operazioni dell\u2019utente. Il sito pu\u00f2 contenere link ad altri siti. Marco Fantini Srl non esercita alcun controllo, e non pu\u00f2 essere ritenuta responsabile, rispetto a cookies ed altre tecnologie impiegate per tracciare gli utenti presenti su siti web accessibili dal Sito, su qualsiasi contenuto e materiale pubblicato su tali siti. La presente Privacy Policy si applica solo a Marco Fantini Srl come sopra definito.<\/li>\n\n\n\n<li><strong>Modalit\u00e0 del trattamento<\/strong>. Il Titolare esegue i trattamenti necessari in ossequio alla normativa nazionale sulla privacy, nonch\u00e8 nel rispetto del Regolamento UE n. 679\/2016. Il trattamento viene effettuato prevalentemente mediante strumenti elettronici; tuttavia, i dati personali degli utenti possono essere trattati anche mediante mezzi manuali, sempre con modalit\u00e0 organizzative e con logiche strettamente correlate alle finalit\u00e0 indicate. Marco Fantini Srl tratter\u00e0 i dati personali in conformit\u00e0 alle disposizioni vigenti in tema di sicurezza al fine di ridurre al minimo i rischi di distruzione e perdita, anche accidentale, di dati, di accesso non autorizzato, trattamento non consentito o non conforme alle finalit\u00e0 di raccolta dei dati e di uso illecito o non corretto dei dati.<\/li>\n\n\n\n<li><strong>Comunicazione dei dati personali<\/strong>\u00a0I dati personali dell\u2019utente saranno accessibili al personale dipendente di Marco Fantini Srl in relazione alle finalit\u00e0 sopra specificate. L\u2019elenco completo ed aggiornato dei Responsabili del trattamento e dei soggetti cui i dati sono comunicati \u00e8 conoscibile previa richiesta scritta da inviare a Marco Fantini Srl. I dati personali dell\u2019utente potranno essere comunicati a professionisti, collaboratori, persone giuridiche e terzi che svolgono servizi di carattere tecnico ed organizzativo di cui Marco Fantini Srl si pu\u00f2 servire per le finalit\u00e0 di trattamento sopra specificate. Tali soggetti tratteranno i dati quali titolari, responsabili ovvero incaricati del trattamento, a seconda dei casi, per le finalit\u00e0 sopra specificate e nel pieno rispetto della normativa vigente sopra indicata; ad essi sono fornite solo le informazioni necessarie all\u2019espletamento delle relative funzioni. I dati personali dell\u2019utente non saranno in alcun modo diffusi.<\/li>\n\n\n\n<li><strong>Periodo di conservazione<\/strong>. Ai sensi del Regolamento n. 679\/2016, i dati sono trattati per il tempo necessario allo svolgimento del servizio richiesto dall\u2019utente; quest\u2019ultimo pu\u00f2 sempre chiedere l\u2019interruzione del Trattamento o la cancellazione dei dati. In particolare, considerato che le finalit\u00e0 sopra descritte comportano diversi oneri (relativi, ad esempio, alla garanzia del prodotto), si precisa che i dati personali degli utenti sono conservati per un periodo non superiore a 38 mesi.<\/li>\n\n\n\n<li><strong>Diritti dell\u2019interessato<\/strong>. In ogni momento, ai sensi dell\u2019art. 7 d.lgs. 196\/2003 e degli artt. da 15 a 22 del Regolamento UE n. 2106\/679, l\u2019utente potr\u00e0 esercitare i seguenti diritti:\n<ol style=\"list-style-type:lower-alpha\" class=\"wp-block-list\">\n<li>di accesso ai dati personali;<\/li>\n\n\n\n<li>di ottenere la rettifica o la cancellazione degli stessi o la limitazione del trattamento che lo riguardano;<\/li>\n\n\n\n<li>di ottenere indicazioni circa le finalit\u00e0 del trattamento, le categorie dei dati personali, i destinatari o le categorie di destinatari a cui i dati personali sono stati o saranno comunicati e, quando possibile, il periodo di conservazione;<\/li>\n\n\n\n<li>di opporsi al trattamento;<\/li>\n\n\n\n<li>alla portabilit\u00e0 dei dati;<\/li>\n\n\n\n<li>di revocare il consenso, in qualsiasi momento, senza pregiudicare la liceit\u00e0 del trattamento basata sul consenso prestato prima della revoca;<\/li>\n\n\n\n<li>di proporre reclamo all\u2019 autorit\u00e0 di controllo. L\u2019esercizio dei suoi diritti potr\u00e0 avvenire attraverso l\u2019invio di una richiesta mediante e-mail all\u2019indirizzo dedicato.<\/li>\n<\/ol>\n<\/li>\n\n\n\n<li><strong>Aggiornamenti e modifiche<\/strong>. La presente policy privacy \u00e8 un documento in costante aggiornamento; pertanto, il Titolare del Trattamento si riserva il diritto di apportare modifiche in qualunque momento dandone pubblicit\u00e0 agli utenti su questa pagina.<\/li>\n<\/ul>\n","protected":false},"excerpt":{"rendered":"","protected":false},"author":2,"featured_media":0,"parent":0,"menu_order":0,"comment_status":"closed","ping_status":"closed","template":"","meta":{"postBodyCss":"","postBodyMargin":[],"postBodyPadding":[],"postBodyBackground":{"backgroundType":"classic","gradient":""},"enableOnePageScrollInPage":false,"onePageScrollCss":"","onePageScrollSpeed":1000,"onePageScrollAnimation":"easeInOutQuad","onePageScrollShowDotNavigation":true,"onePageScrollNavigation":"scaleUp","onePageScrollNavigationPosition":"right","onePageScrollNavigationHorizontal":[],"onePageScrollNavigationVertical":[],"onePageScrollNavigationSpacing":[],"onePageScrollNavigationColor":"#00ff0d","onePageScrollNavigationColorHover":"#00ff0d","onePageScrollNavigationColorActive":"#00ff0d","onePageScrollNavigationIcon":[],"onePageScrollNavigationWidth":[],"onePageScrollNavigationWidthHover":[],"onePageScrollNavigationWidthActive":[],"onePageScrollNavigationHeight":[],"onePageScrollNavigationHeightHover":[],"onePageScrollNavigationHeightActive":[],"onePageScrollNavigationBorder":[],"onePageScrollNavigationBorderHover":[],"onePageScrollNavigationBorderActive":[],"onePageScrollNavigationBorderRadius":[],"onePageScrollNavigationBorderRadiusHover":[],"onePageScrollNavigationBorderRadiusActive":[],"onePageScrollNavigationTooltipTypography":[],"onePageScrollNavigationTooltipColor":"#ffffff","onePageScrollNavigationTooltipColorHover":"","onePageScrollNavigationTooltipBgColor":"#00ff0d","onePageScrollNavigationTooltipBgColorHover":"","onePageScrollNavigationTooltipPadding":[],"onePageScrollNavigationTooltipPaddingHover":[],"onePageScrollNavigationTooltipBorderRadius":[],"onePageScrollNavigationTooltipBorderRadiusHover":[],"pageSettingsCustomCss":"","footnotes":""},"class_list":["post-271705","page","type-page","status-publish","hentry"],"jetpack_sharing_enabled":true,"_links":{"self":[{"href":"https:\/\/www.savethequeen.it\/en\/wp-json\/wp\/v2\/pages\/271705","targetHints":{"allow":["GET"]}}],"collection":[{"href":"https:\/\/www.savethequeen.it\/en\/wp-json\/wp\/v2\/pages"}],"about":[{"href":"https:\/\/www.savethequeen.it\/en\/wp-json\/wp\/v2\/types\/page"}],"author":[{"embeddable":true,"href":"https:\/\/www.savethequeen.it\/en\/wp-json\/wp\/v2\/users\/2"}],"replies":[{"embeddable":true,"href":"https:\/\/www.savethequeen.it\/en\/wp-json\/wp\/v2\/comments?post=271705"}],"version-history":[{"count":1,"href":"https:\/\/www.savethequeen.it\/en\/wp-json\/wp\/v2\/pages\/271705\/revisions"}],"predecessor-version":[{"id":271708,"href":"https:\/\/www.savethequeen.it\/en\/wp-json\/wp\/v2\/pages\/271705\/revisions\/271708"}],"wp:attachment":[{"href":"https:\/\/www.savethequeen.it\/en\/wp-json\/wp\/v2\/media?parent=271705"}],"curies":[{"name":"wp","href":"https:\/\/api.w.org\/{rel}","templated":true}]}}